{"id":1248,"date":"2025-09-08T11:34:04","date_gmt":"2025-09-08T09:34:04","guid":{"rendered":"https:\/\/ekolak.rs\/?page_id=1248"},"modified":"2025-09-08T11:40:29","modified_gmt":"2025-09-08T09:40:29","slug":"zahtev-za-msds","status":"publish","type":"page","link":"https:\/\/ekolak.rs\/en\/zahtev-za-msds\/","title":{"rendered":"Zahtev za MSDS"},"content":{"rendered":"<div data-elementor-type=\"wp-page\" data-elementor-id=\"1248\" class=\"elementor elementor-1248\" data-elementor-post-type=\"page\">\n\t\t\t\t<div class=\"elementor-element elementor-element-ee50e98 e-flex e-con-boxed e-con e-parent\" data-id=\"ee50e98\" data-element_type=\"container\" data-e-type=\"container\">\n\t\t\t\t\t<div class=\"e-con-inner\">\n\t\t\t\t<div class=\"elementor-element elementor-element-2d42aa2 wd-width-100 elementor-widget elementor-widget-wd_title\" data-id=\"2d42aa2\" data-element_type=\"widget\" data-e-type=\"widget\" data-widget_type=\"wd_title.default\">\n\t\t\t\t<div class=\"elementor-widget-container\">\n\t\t\t\t\t\t\t<div class=\"title-wrapper wd-set-mb reset-last-child wd-title-color-default wd-title-style-default wd-title-size-default text-center\">\n\n\t\t\t\n\t\t\t<div class=\"liner-continer\">\n\t\t\t\t<h4 class=\"woodmart-title-container title wd-fontsize-l\">Zahtev za sigurnosne listove<\/h4> \n\t\t\t\t\t\t\t<\/div>\n\n\t\t\t\t\t\t\t<div class=\"title-after_title reset-last-child wd-fontsize-xs\">\n\t\t\t\t\t<p>Kako biste pristupili sigurnosnim listovima na\u0161ih proizvoda, potrebno je da popunite zahtev sa tra\u017eenim podacima. Nakon slanja, na Va\u0161u e-mail adresu sti\u0107i \u0107e detalji za pristup.<\/p>\t\t\t\t<\/div>\n\t\t\t\t\t<\/div>\n\t\t\t\t\t\t<\/div>\n\t\t\t\t<\/div>\n\t\t\t\t<div class=\"elementor-element elementor-element-03b11fe wd-cf7 elementor-widget elementor-widget-wd_contact_form_7\" data-id=\"03b11fe\" data-element_type=\"widget\" data-e-type=\"widget\" data-widget_type=\"wd_contact_form_7.default\">\n\t\t\t\t<div class=\"elementor-widget-container\">\n\t\t\t\t\t\n<div class=\"wpcf7 no-js\" id=\"wpcf7-f1247-o1\" lang=\"en-US\" dir=\"ltr\" data-wpcf7-id=\"1247\">\n<div class=\"screen-reader-response\"><p role=\"status\" aria-live=\"polite\" aria-atomic=\"true\"><\/p> <ul><\/ul><\/div>\n<form action=\"\/en\/wp-json\/wp\/v2\/pages\/1248#wpcf7-f1247-o1\" method=\"post\" class=\"wpcf7-form init\" aria-label=\"Contact form\" novalidate=\"novalidate\" data-status=\"init\" data-trp-original-action=\"\/en\/wp-json\/wp\/v2\/pages\/1248#wpcf7-f1247-o1\">\n<fieldset class=\"hidden-fields-container\"><input type=\"hidden\" name=\"_wpcf7\" value=\"1247\" \/><input type=\"hidden\" name=\"_wpcf7_version\" value=\"6.1.5\" \/><input type=\"hidden\" name=\"_wpcf7_locale\" value=\"en_US\" \/><input type=\"hidden\" name=\"_wpcf7_unit_tag\" value=\"wpcf7-f1247-o1\" \/><input type=\"hidden\" name=\"_wpcf7_container_post\" value=\"0\" \/><input type=\"hidden\" name=\"_wpcf7_posted_data_hash\" value=\"\" \/>\n<\/fieldset>\n<p><span class=\"wpcf7-form-control-wrap\" data-name=\"firstName\"><input size=\"40\" maxlength=\"400\" class=\"wpcf7-form-control wpcf7-text wpcf7-validates-as-required\" aria-required=\"true\" aria-invalid=\"false\" placeholder=\"* Ime\" value=\"\" type=\"text\" name=\"firstName\" \/><\/span>\n<\/p>\n<p><span class=\"wpcf7-form-control-wrap\" data-name=\"lastName\"><input size=\"40\" maxlength=\"400\" class=\"wpcf7-form-control wpcf7-text wpcf7-validates-as-required\" aria-required=\"true\" aria-invalid=\"false\" placeholder=\"* Prezime\" value=\"\" type=\"text\" name=\"lastName\" \/><\/span>\n<\/p>\n<p><span class=\"wpcf7-form-control-wrap\" data-name=\"email\"><input size=\"40\" maxlength=\"400\" class=\"wpcf7-form-control wpcf7-email wpcf7-validates-as-required wpcf7-text wpcf7-validates-as-email\" autocomplete=\"email\" aria-required=\"true\" aria-invalid=\"false\" placeholder=\"* E-mail adresa\" value=\"\" type=\"email\" name=\"email\" \/><\/span>\n<\/p>\n<p><span class=\"wpcf7-form-control-wrap\" data-name=\"phone\"><input size=\"40\" maxlength=\"400\" class=\"wpcf7-form-control wpcf7-tel wpcf7-validates-as-required wpcf7-text wpcf7-validates-as-tel\" autocomplete=\"tel\" aria-required=\"true\" aria-invalid=\"false\" placeholder=\"* Broj telefona\" value=\"\" type=\"tel\" name=\"phone\" \/><\/span>\n<\/p>\n<p><span class=\"wpcf7-form-control-wrap\" data-name=\"company\"><input size=\"40\" maxlength=\"400\" class=\"wpcf7-form-control wpcf7-text\" aria-invalid=\"false\" placeholder=\"Kompanija (opcionalno)\" value=\"\" type=\"text\" name=\"company\" \/><\/span>\n<\/p>\n<p><span class=\"wpcf7-form-control-wrap\" data-name=\"website\"><input size=\"40\" maxlength=\"400\" class=\"wpcf7-form-control wpcf7-url wpcf7-text wpcf7-validates-as-url\" autocomplete=\"url\" aria-invalid=\"false\" placeholder=\"Sajt (opcionalno)\" value=\"\" type=\"url\" name=\"website\" \/><\/span><br \/>\nPolja ozna\u010dena sa * su obavezna.\n<\/p>\n<p><br \/>\n<div class=\"wpcf7-form-control-wrap\" data-name=\"prosopo_procaptcha\">\n\n    <div class=\"wpcf7-form-control prosopo-procaptcha-wp__wrapper\">\n        <prosopo-procaptcha-wp-widget class=\"prosopo-procaptcha-wp-widget\" style=\"display: block;\">\n            <div class=\"prosopo-procaptcha\"><\/div>\n        <\/prosopo-procaptcha-wp-widget>\n\n        \n        \n    <\/div>\n<\/div>\n<\/p>\n<p><input class=\"wpcf7-form-control wpcf7-submit has-spinner\" type=\"submit\" value=\"Po\u0161alji zahtev\" \/>\n<\/p><div class=\"wpcf7-response-output\" aria-hidden=\"true\"><\/div>\n<input type=\"hidden\" name=\"trp-form-language\" value=\"en\"\/><\/form>\n<\/div>\n\t\t\t\t<\/div>\n\t\t\t\t<\/div>\n\t\t\t\t\t<\/div>\n\t\t\t\t<\/div>\n\t\t\t\t<\/div>","protected":false},"excerpt":{"rendered":"<p>Zahtev za sigurnosne listove Kako biste pristupili sigurnosnim listovima na\u0161ih proizvoda, potrebno je da popunite zahtev sa tra\u017eenim podacima. Nakon<\/p>","protected":false},"author":1,"featured_media":0,"parent":0,"menu_order":0,"comment_status":"closed","ping_status":"closed","template":"","meta":{"_acf_changed":false,"footnotes":""},"class_list":["post-1248","page","type-page","status-publish","hentry"],"acf":[],"yoast_head":"<!-- This site is optimized with the Yoast SEO Premium plugin v27.4 (Yoast SEO v27.4) - https:\/\/yoast.com\/product\/yoast-seo-premium-wordpress\/ -->\n<title>Zahtev za MSDS | EkoLak<\/title>\n<meta name=\"robots\" content=\"index, follow, max-snippet:-1, max-image-preview:large, max-video-preview:-1\" \/>\n<link rel=\"canonical\" href=\"https:\/\/ekolak.rs\/en\/zahtev-za-msds\/\" \/>\n<meta property=\"og:locale\" content=\"en_US\" \/>\n<meta property=\"og:type\" content=\"article\" \/>\n<meta property=\"og:title\" content=\"Zahtev za MSDS\" \/>\n<meta property=\"og:description\" content=\"Zahtev za sigurnosne listove Kako biste pristupili sigurnosnim listovima na\u0161ih proizvoda, potrebno je da popunite zahtev sa tra\u017eenim podacima. Nakon\" \/>\n<meta property=\"og:url\" content=\"https:\/\/ekolak.rs\/en\/zahtev-za-msds\/\" \/>\n<meta property=\"og:site_name\" content=\"EkoLak\" \/>\n<meta property=\"article:publisher\" content=\"https:\/\/www.facebook.com\/ekolakdoo\" \/>\n<meta property=\"article:modified_time\" content=\"2025-09-08T09:40:29+00:00\" \/>\n<meta name=\"twitter:card\" content=\"summary_large_image\" \/>\n<meta name=\"twitter:label1\" content=\"Est. reading time\" \/>\n\t<meta name=\"twitter:data1\" content=\"1 minute\" \/>\n<script type=\"application\/ld+json\" class=\"yoast-schema-graph\">{\"@context\":\"https:\\\/\\\/schema.org\",\"@graph\":[{\"@type\":\"WebPage\",\"@id\":\"https:\\\/\\\/ekolak.rs\\\/zahtev-za-msds\\\/\",\"url\":\"https:\\\/\\\/ekolak.rs\\\/zahtev-za-msds\\\/\",\"name\":\"Zahtev za MSDS | EkoLak\",\"isPartOf\":{\"@id\":\"https:\\\/\\\/ekolak.rs\\\/#website\"},\"datePublished\":\"2025-09-08T09:34:04+00:00\",\"dateModified\":\"2025-09-08T09:40:29+00:00\",\"breadcrumb\":{\"@id\":\"https:\\\/\\\/ekolak.rs\\\/zahtev-za-msds\\\/#breadcrumb\"},\"inLanguage\":\"en-US\",\"potentialAction\":[{\"@type\":\"ReadAction\",\"target\":[\"https:\\\/\\\/ekolak.rs\\\/zahtev-za-msds\\\/\"]}]},{\"@type\":\"BreadcrumbList\",\"@id\":\"https:\\\/\\\/ekolak.rs\\\/zahtev-za-msds\\\/#breadcrumb\",\"itemListElement\":[{\"@type\":\"ListItem\",\"position\":1,\"name\":\"Home\",\"item\":\"https:\\\/\\\/ekolak.rs\\\/\"},{\"@type\":\"ListItem\",\"position\":2,\"name\":\"Zahtev za MSDS\"}]},{\"@type\":\"WebSite\",\"@id\":\"https:\\\/\\\/ekolak.rs\\\/#website\",\"url\":\"https:\\\/\\\/ekolak.rs\\\/\",\"name\":\"EkoLak\",\"description\":\"Boje i lakovi\",\"publisher\":{\"@id\":\"https:\\\/\\\/ekolak.rs\\\/#organization\"},\"potentialAction\":[{\"@type\":\"SearchAction\",\"target\":{\"@type\":\"EntryPoint\",\"urlTemplate\":\"https:\\\/\\\/ekolak.rs\\\/?s={search_term_string}\"},\"query-input\":{\"@type\":\"PropertyValueSpecification\",\"valueRequired\":true,\"valueName\":\"search_term_string\"}}],\"inLanguage\":\"en-US\"},{\"@type\":\"Organization\",\"@id\":\"https:\\\/\\\/ekolak.rs\\\/#organization\",\"name\":\"EkoLak\",\"url\":\"https:\\\/\\\/ekolak.rs\\\/\",\"logo\":{\"@type\":\"ImageObject\",\"inLanguage\":\"en-US\",\"@id\":\"https:\\\/\\\/ekolak.rs\\\/#\\\/schema\\\/logo\\\/image\\\/\",\"url\":\"https:\\\/\\\/ekolak.rs\\\/wp-content\\\/uploads\\\/2025\\\/08\\\/logo-ekolak.png\",\"contentUrl\":\"https:\\\/\\\/ekolak.rs\\\/wp-content\\\/uploads\\\/2025\\\/08\\\/logo-ekolak.png\",\"width\":1024,\"height\":258,\"caption\":\"EkoLak\"},\"image\":{\"@id\":\"https:\\\/\\\/ekolak.rs\\\/#\\\/schema\\\/logo\\\/image\\\/\"},\"sameAs\":[\"https:\\\/\\\/www.facebook.com\\\/ekolakdoo\",\"https:\\\/\\\/www.instagram.com\\\/ekolak_rs\\\/\",\"https:\\\/\\\/www.youtube.com\\\/@ekolak\"],\"description\":\"Mi smo vode\u0107i proizvo\u0111a\u010di ekolo\u0161kih boja i lakova u Srbiji. Kvalitet, trajnost i prirodna za\u0161tita za profesionalce i hobiste.\",\"email\":\"info@ekolak.rs\",\"telephone\":\"0038134355339\",\"legalName\":\"EkoLak D.O.O.\",\"foundingDate\":\"2010-02-10\",\"vatID\":\"RS106464826\",\"numberOfEmployees\":{\"@type\":\"QuantitativeValue\",\"minValue\":\"11\",\"maxValue\":\"50\"}}]}<\/script>\n<!-- \/ Yoast SEO Premium plugin. -->","yoast_head_json":{"title":"Zahtev za MSDS | EkoLak","robots":{"index":"index","follow":"follow","max-snippet":"max-snippet:-1","max-image-preview":"max-image-preview:large","max-video-preview":"max-video-preview:-1"},"canonical":"https:\/\/ekolak.rs\/en\/zahtev-za-msds\/","og_locale":"en_US","og_type":"article","og_title":"Zahtev za MSDS","og_description":"Zahtev za sigurnosne listove Kako biste pristupili sigurnosnim listovima na\u0161ih proizvoda, potrebno je da popunite zahtev sa tra\u017eenim podacima. Nakon","og_url":"https:\/\/ekolak.rs\/en\/zahtev-za-msds\/","og_site_name":"EkoLak","article_publisher":"https:\/\/www.facebook.com\/ekolakdoo","article_modified_time":"2025-09-08T09:40:29+00:00","twitter_card":"summary_large_image","twitter_misc":{"Est. reading time":"1 minute"},"schema":{"@context":"https:\/\/schema.org","@graph":[{"@type":"WebPage","@id":"https:\/\/ekolak.rs\/zahtev-za-msds\/","url":"https:\/\/ekolak.rs\/zahtev-za-msds\/","name":"Zahtev za MSDS | EkoLak","isPartOf":{"@id":"https:\/\/ekolak.rs\/#website"},"datePublished":"2025-09-08T09:34:04+00:00","dateModified":"2025-09-08T09:40:29+00:00","breadcrumb":{"@id":"https:\/\/ekolak.rs\/zahtev-za-msds\/#breadcrumb"},"inLanguage":"en-US","potentialAction":[{"@type":"ReadAction","target":["https:\/\/ekolak.rs\/zahtev-za-msds\/"]}]},{"@type":"BreadcrumbList","@id":"https:\/\/ekolak.rs\/zahtev-za-msds\/#breadcrumb","itemListElement":[{"@type":"ListItem","position":1,"name":"Home","item":"https:\/\/ekolak.rs\/"},{"@type":"ListItem","position":2,"name":"Zahtev za MSDS"}]},{"@type":"WebSite","@id":"https:\/\/ekolak.rs\/#website","url":"https:\/\/ekolak.rs\/","name":"EkoLak","description":"Boje i lakovi","publisher":{"@id":"https:\/\/ekolak.rs\/#organization"},"potentialAction":[{"@type":"SearchAction","target":{"@type":"EntryPoint","urlTemplate":"https:\/\/ekolak.rs\/?s={search_term_string}"},"query-input":{"@type":"PropertyValueSpecification","valueRequired":true,"valueName":"search_term_string"}}],"inLanguage":"en-US"},{"@type":"Organization","@id":"https:\/\/ekolak.rs\/#organization","name":"EkoLak","url":"https:\/\/ekolak.rs\/","logo":{"@type":"ImageObject","inLanguage":"en-US","@id":"https:\/\/ekolak.rs\/#\/schema\/logo\/image\/","url":"https:\/\/ekolak.rs\/wp-content\/uploads\/2025\/08\/logo-ekolak.png","contentUrl":"https:\/\/ekolak.rs\/wp-content\/uploads\/2025\/08\/logo-ekolak.png","width":1024,"height":258,"caption":"EkoLak"},"image":{"@id":"https:\/\/ekolak.rs\/#\/schema\/logo\/image\/"},"sameAs":["https:\/\/www.facebook.com\/ekolakdoo","https:\/\/www.instagram.com\/ekolak_rs\/","https:\/\/www.youtube.com\/@ekolak"],"description":"Mi smo vode\u0107i proizvo\u0111a\u010di ekolo\u0161kih boja i lakova u Srbiji. Kvalitet, trajnost i prirodna za\u0161tita za profesionalce i hobiste.","email":"info@ekolak.rs","telephone":"0038134355339","legalName":"EkoLak D.O.O.","foundingDate":"2010-02-10","vatID":"RS106464826","numberOfEmployees":{"@type":"QuantitativeValue","minValue":"11","maxValue":"50"}}]}},"_links":{"self":[{"href":"https:\/\/ekolak.rs\/en\/wp-json\/wp\/v2\/pages\/1248","targetHints":{"allow":["GET"]}}],"collection":[{"href":"https:\/\/ekolak.rs\/en\/wp-json\/wp\/v2\/pages"}],"about":[{"href":"https:\/\/ekolak.rs\/en\/wp-json\/wp\/v2\/types\/page"}],"author":[{"embeddable":true,"href":"https:\/\/ekolak.rs\/en\/wp-json\/wp\/v2\/users\/1"}],"replies":[{"embeddable":true,"href":"https:\/\/ekolak.rs\/en\/wp-json\/wp\/v2\/comments?post=1248"}],"version-history":[{"count":10,"href":"https:\/\/ekolak.rs\/en\/wp-json\/wp\/v2\/pages\/1248\/revisions"}],"predecessor-version":[{"id":1259,"href":"https:\/\/ekolak.rs\/en\/wp-json\/wp\/v2\/pages\/1248\/revisions\/1259"}],"wp:attachment":[{"href":"https:\/\/ekolak.rs\/en\/wp-json\/wp\/v2\/media?parent=1248"}],"curies":[{"name":"wp","href":"https:\/\/api.w.org\/{rel}","templated":true}]}}