{"id":1443,"date":"2025-10-06T12:57:41","date_gmt":"2025-10-06T10:57:41","guid":{"rendered":"https:\/\/ekolak.rs\/?page_id=1443"},"modified":"2025-10-06T13:14:34","modified_gmt":"2025-10-06T11:14:34","slug":"prodajna-mesta-bosna-i-hercegovina","status":"publish","type":"page","link":"https:\/\/ekolak.rs\/en\/prodajna-mesta-bosna-i-hercegovina\/","title":{"rendered":"Prodajna mesta &#8211; Bosna i Hercegovina"},"content":{"rendered":"\t\t<div data-elementor-type=\"wp-page\" data-elementor-id=\"1443\" class=\"elementor elementor-1443\" data-elementor-post-type=\"page\">\n\t\t\t\t<div class=\"wd-negative-gap elementor-element elementor-element-1feaece wd-section-stretch-content e-flex e-con-boxed e-con e-parent\" data-id=\"1feaece\" data-element_type=\"container\" data-e-type=\"container\">\n\t\t\t\t\t<div class=\"e-con-inner\">\n\t\t\t\t<div class=\"elementor-element elementor-element-92ba3df wd-width-100 elementor-widget elementor-widget-wd_open_street_map\" data-id=\"92ba3df\" data-element_type=\"widget\" data-e-type=\"widget\" data-widget_type=\"wd_open_street_map.default\">\n\t\t\t\t<div class=\"elementor-widget-container\">\n\t\t\t\t\t\t\t<div class=\"wd-osm-map-container wd-map-container map-container-with-content\" style=\"--wd-justify-content: left; --wd-align-items: start;\">\n\t\t\t<div id=\"wd-osm-map-92ba3df\" class=\"wd-osm-map-wrapper wd-map-wrapper\" data-settings=\"{&quot;zoom&quot;:11,&quot;iconUrl&quot;:&quot;https:\\\/\\\/ekolak.rs\\\/wp-content\\\/themes\\\/woodmart\\\/images\\\/icons\\\/marker-icon.png&quot;,&quot;scrollWheelZoom&quot;:&quot;yes&quot;,&quot;zoomControl&quot;:&quot;yes&quot;,&quot;dragging&quot;:&quot;yes&quot;,&quot;geoapify_tile&quot;:&quot;osm-carto&quot;,&quot;markers&quot;:[{&quot;marker&quot;:{&quot;marker_title&quot;:&quot;Fobolux&quot;,&quot;marker_coords&quot;:&quot;43.819197468807275, 18.364976235153662&quot;,&quot;marker_description&quot;:&quot;Sarajevo&quot;,&quot;marker_behavior&quot;:&quot;tooltip&quot;,&quot;_id&quot;:&quot;a9c1545&quot;,&quot;show_button&quot;:&quot;no&quot;,&quot;button_text&quot;:null,&quot;button_url&quot;:null,&quot;button_url_target&quot;:null,&quot;image&quot;:{&quot;url&quot;:&quot;&quot;,&quot;id&quot;:&quot;&quot;,&quot;size&quot;:&quot;&quot;},&quot;image_size&quot;:[],&quot;image_custom_dimension&quot;:null},&quot;lat&quot;:&quot;43.819197468807275&quot;,&quot;lng&quot;:&quot; 18.364976235153662&quot;}],&quot;center&quot;:&quot;43.819197468807,18.364976235154&quot;,&quot;init_type&quot;:&quot;page_load&quot;}\"><\/div>\n\n\t\t\t\n\t\t\t\n\t\t\t\t\t\t\t<div class=\"wd-osm-map-content-wrap wd-map-content-wrap wd-fill\">\n\t\t\t\t\t<div class=\"wd-osm-map-content wd-map-content wd-entry-content\">\n\t\t\t\t\t\t\t\t\t\t\t\t\t<h6>Prodajna mesta EkoLak proizvoda u Bosni i Hercegovini.<\/h6>\n<h6><a style=\"text-decoration: underline; color: red;\" href=\"https:\/\/ekolak.rs\/prodajna-mesta-srbija\/\">Srbija<\/a><\/h6>\n<h6><a style=\"text-decoration: underline; color: red;\" href=\"https:\/\/ekolak.rs\/prodajna-mesta-crna-gora\/\">Crna Gora<\/a><\/h6>\n<p><span style=\"text-decoration: underline;\"><strong><a href=\"https:\/\/ekolak.rs\/\">\u2190 Nazad na po\u010detnu<\/a><\/strong><\/span><\/p>\n\t\t\t\t\t\t\t\t\t\t\t<\/div>\n\t\t\t\t<\/div>\n\t\t\t\t\t<\/div>\n\t\t\t\t\t\t<\/div>\n\t\t\t\t<\/div>\n\t\t\t\t\t<\/div>\n\t\t\t\t<\/div>\n\t\t\t\t<\/div>\n\t\t","protected":false},"excerpt":{"rendered":"<p>Prodajna mesta EkoLak proizvoda u Bosni i Hercegovini. Srbija Crna Gora \u2190 Nazad na po\u010detnu<\/p>","protected":false},"author":1,"featured_media":0,"parent":0,"menu_order":0,"comment_status":"closed","ping_status":"closed","template":"elementor_canvas","meta":{"_acf_changed":false,"footnotes":""},"class_list":["post-1443","page","type-page","status-publish","hentry"],"acf":[],"yoast_head":"<!-- This site is optimized with the Yoast SEO Premium plugin v27.4 (Yoast SEO v27.4) - https:\/\/yoast.com\/product\/yoast-seo-premium-wordpress\/ -->\n<title>Prodajna mesta - Bosna i Hercegovina | EkoLak<\/title>\n<meta name=\"robots\" content=\"index, follow, max-snippet:-1, max-image-preview:large, max-video-preview:-1\" \/>\n<link rel=\"canonical\" href=\"https:\/\/ekolak.rs\/en\/prodajna-mesta-bosna-i-hercegovina\/\" \/>\n<meta property=\"og:locale\" content=\"en_US\" \/>\n<meta property=\"og:type\" content=\"article\" \/>\n<meta property=\"og:title\" content=\"Prodajna mesta - Bosna i Hercegovina\" \/>\n<meta property=\"og:description\" content=\"Prodajna mesta EkoLak proizvoda u Bosni i Hercegovini. Srbija Crna Gora \u2190 Nazad na po\u010detnu\" \/>\n<meta property=\"og:url\" content=\"https:\/\/ekolak.rs\/en\/prodajna-mesta-bosna-i-hercegovina\/\" \/>\n<meta property=\"og:site_name\" content=\"EkoLak\" \/>\n<meta property=\"article:publisher\" content=\"https:\/\/www.facebook.com\/ekolakdoo\" \/>\n<meta property=\"article:modified_time\" content=\"2025-10-06T11:14:34+00:00\" \/>\n<meta name=\"twitter:card\" content=\"summary_large_image\" \/>\n<meta name=\"twitter:label1\" content=\"Est. reading time\" \/>\n\t<meta name=\"twitter:data1\" content=\"8 minutes\" \/>\n<script type=\"application\/ld+json\" class=\"yoast-schema-graph\">{\"@context\":\"https:\\\/\\\/schema.org\",\"@graph\":[{\"@type\":\"WebPage\",\"@id\":\"https:\\\/\\\/ekolak.rs\\\/prodajna-mesta-bosna-i-hercegovina\\\/\",\"url\":\"https:\\\/\\\/ekolak.rs\\\/prodajna-mesta-bosna-i-hercegovina\\\/\",\"name\":\"Prodajna mesta - Bosna i Hercegovina | EkoLak\",\"isPartOf\":{\"@id\":\"https:\\\/\\\/ekolak.rs\\\/#website\"},\"datePublished\":\"2025-10-06T10:57:41+00:00\",\"dateModified\":\"2025-10-06T11:14:34+00:00\",\"breadcrumb\":{\"@id\":\"https:\\\/\\\/ekolak.rs\\\/prodajna-mesta-bosna-i-hercegovina\\\/#breadcrumb\"},\"inLanguage\":\"en-US\",\"potentialAction\":[{\"@type\":\"ReadAction\",\"target\":[\"https:\\\/\\\/ekolak.rs\\\/prodajna-mesta-bosna-i-hercegovina\\\/\"]}]},{\"@type\":\"BreadcrumbList\",\"@id\":\"https:\\\/\\\/ekolak.rs\\\/prodajna-mesta-bosna-i-hercegovina\\\/#breadcrumb\",\"itemListElement\":[{\"@type\":\"ListItem\",\"position\":1,\"name\":\"Home\",\"item\":\"https:\\\/\\\/ekolak.rs\\\/\"},{\"@type\":\"ListItem\",\"position\":2,\"name\":\"Prodajna mesta &#8211; Bosna i Hercegovina\"}]},{\"@type\":\"WebSite\",\"@id\":\"https:\\\/\\\/ekolak.rs\\\/#website\",\"url\":\"https:\\\/\\\/ekolak.rs\\\/\",\"name\":\"EkoLak\",\"description\":\"Boje i lakovi\",\"publisher\":{\"@id\":\"https:\\\/\\\/ekolak.rs\\\/#organization\"},\"potentialAction\":[{\"@type\":\"SearchAction\",\"target\":{\"@type\":\"EntryPoint\",\"urlTemplate\":\"https:\\\/\\\/ekolak.rs\\\/?s={search_term_string}\"},\"query-input\":{\"@type\":\"PropertyValueSpecification\",\"valueRequired\":true,\"valueName\":\"search_term_string\"}}],\"inLanguage\":\"en-US\"},{\"@type\":\"Organization\",\"@id\":\"https:\\\/\\\/ekolak.rs\\\/#organization\",\"name\":\"EkoLak\",\"url\":\"https:\\\/\\\/ekolak.rs\\\/\",\"logo\":{\"@type\":\"ImageObject\",\"inLanguage\":\"en-US\",\"@id\":\"https:\\\/\\\/ekolak.rs\\\/#\\\/schema\\\/logo\\\/image\\\/\",\"url\":\"https:\\\/\\\/ekolak.rs\\\/wp-content\\\/uploads\\\/2025\\\/08\\\/logo-ekolak.png\",\"contentUrl\":\"https:\\\/\\\/ekolak.rs\\\/wp-content\\\/uploads\\\/2025\\\/08\\\/logo-ekolak.png\",\"width\":1024,\"height\":258,\"caption\":\"EkoLak\"},\"image\":{\"@id\":\"https:\\\/\\\/ekolak.rs\\\/#\\\/schema\\\/logo\\\/image\\\/\"},\"sameAs\":[\"https:\\\/\\\/www.facebook.com\\\/ekolakdoo\",\"https:\\\/\\\/www.instagram.com\\\/ekolak_rs\\\/\",\"https:\\\/\\\/www.youtube.com\\\/@ekolak\"],\"description\":\"Mi smo vode\u0107i proizvo\u0111a\u010di ekolo\u0161kih boja i lakova u Srbiji. Kvalitet, trajnost i prirodna za\u0161tita za profesionalce i hobiste.\",\"email\":\"info@ekolak.rs\",\"telephone\":\"0038134355339\",\"legalName\":\"EkoLak D.O.O.\",\"foundingDate\":\"2010-02-10\",\"vatID\":\"RS106464826\",\"numberOfEmployees\":{\"@type\":\"QuantitativeValue\",\"minValue\":\"11\",\"maxValue\":\"50\"}}]}<\/script>\n<!-- \/ Yoast SEO Premium plugin. -->","yoast_head_json":{"title":"Prodajna mesta - Bosna i Hercegovina | EkoLak","robots":{"index":"index","follow":"follow","max-snippet":"max-snippet:-1","max-image-preview":"max-image-preview:large","max-video-preview":"max-video-preview:-1"},"canonical":"https:\/\/ekolak.rs\/en\/prodajna-mesta-bosna-i-hercegovina\/","og_locale":"en_US","og_type":"article","og_title":"Prodajna mesta - Bosna i Hercegovina","og_description":"Prodajna mesta EkoLak proizvoda u Bosni i Hercegovini. Srbija Crna Gora \u2190 Nazad na po\u010detnu","og_url":"https:\/\/ekolak.rs\/en\/prodajna-mesta-bosna-i-hercegovina\/","og_site_name":"EkoLak","article_publisher":"https:\/\/www.facebook.com\/ekolakdoo","article_modified_time":"2025-10-06T11:14:34+00:00","twitter_card":"summary_large_image","twitter_misc":{"Est. reading time":"8 minutes"},"schema":{"@context":"https:\/\/schema.org","@graph":[{"@type":"WebPage","@id":"https:\/\/ekolak.rs\/prodajna-mesta-bosna-i-hercegovina\/","url":"https:\/\/ekolak.rs\/prodajna-mesta-bosna-i-hercegovina\/","name":"Prodajna mesta - Bosna i Hercegovina | EkoLak","isPartOf":{"@id":"https:\/\/ekolak.rs\/#website"},"datePublished":"2025-10-06T10:57:41+00:00","dateModified":"2025-10-06T11:14:34+00:00","breadcrumb":{"@id":"https:\/\/ekolak.rs\/prodajna-mesta-bosna-i-hercegovina\/#breadcrumb"},"inLanguage":"en-US","potentialAction":[{"@type":"ReadAction","target":["https:\/\/ekolak.rs\/prodajna-mesta-bosna-i-hercegovina\/"]}]},{"@type":"BreadcrumbList","@id":"https:\/\/ekolak.rs\/prodajna-mesta-bosna-i-hercegovina\/#breadcrumb","itemListElement":[{"@type":"ListItem","position":1,"name":"Home","item":"https:\/\/ekolak.rs\/"},{"@type":"ListItem","position":2,"name":"Prodajna mesta &#8211; Bosna i Hercegovina"}]},{"@type":"WebSite","@id":"https:\/\/ekolak.rs\/#website","url":"https:\/\/ekolak.rs\/","name":"EkoLak","description":"Boje i lakovi","publisher":{"@id":"https:\/\/ekolak.rs\/#organization"},"potentialAction":[{"@type":"SearchAction","target":{"@type":"EntryPoint","urlTemplate":"https:\/\/ekolak.rs\/?s={search_term_string}"},"query-input":{"@type":"PropertyValueSpecification","valueRequired":true,"valueName":"search_term_string"}}],"inLanguage":"en-US"},{"@type":"Organization","@id":"https:\/\/ekolak.rs\/#organization","name":"EkoLak","url":"https:\/\/ekolak.rs\/","logo":{"@type":"ImageObject","inLanguage":"en-US","@id":"https:\/\/ekolak.rs\/#\/schema\/logo\/image\/","url":"https:\/\/ekolak.rs\/wp-content\/uploads\/2025\/08\/logo-ekolak.png","contentUrl":"https:\/\/ekolak.rs\/wp-content\/uploads\/2025\/08\/logo-ekolak.png","width":1024,"height":258,"caption":"EkoLak"},"image":{"@id":"https:\/\/ekolak.rs\/#\/schema\/logo\/image\/"},"sameAs":["https:\/\/www.facebook.com\/ekolakdoo","https:\/\/www.instagram.com\/ekolak_rs\/","https:\/\/www.youtube.com\/@ekolak"],"description":"Mi smo vode\u0107i proizvo\u0111a\u010di ekolo\u0161kih boja i lakova u Srbiji. Kvalitet, trajnost i prirodna za\u0161tita za profesionalce i hobiste.","email":"info@ekolak.rs","telephone":"0038134355339","legalName":"EkoLak D.O.O.","foundingDate":"2010-02-10","vatID":"RS106464826","numberOfEmployees":{"@type":"QuantitativeValue","minValue":"11","maxValue":"50"}}]}},"_links":{"self":[{"href":"https:\/\/ekolak.rs\/en\/wp-json\/wp\/v2\/pages\/1443","targetHints":{"allow":["GET"]}}],"collection":[{"href":"https:\/\/ekolak.rs\/en\/wp-json\/wp\/v2\/pages"}],"about":[{"href":"https:\/\/ekolak.rs\/en\/wp-json\/wp\/v2\/types\/page"}],"author":[{"embeddable":true,"href":"https:\/\/ekolak.rs\/en\/wp-json\/wp\/v2\/users\/1"}],"replies":[{"embeddable":true,"href":"https:\/\/ekolak.rs\/en\/wp-json\/wp\/v2\/comments?post=1443"}],"version-history":[{"count":4,"href":"https:\/\/ekolak.rs\/en\/wp-json\/wp\/v2\/pages\/1443\/revisions"}],"predecessor-version":[{"id":1459,"href":"https:\/\/ekolak.rs\/en\/wp-json\/wp\/v2\/pages\/1443\/revisions\/1459"}],"wp:attachment":[{"href":"https:\/\/ekolak.rs\/en\/wp-json\/wp\/v2\/media?parent=1443"}],"curies":[{"name":"wp","href":"https:\/\/api.w.org\/{rel}","templated":true}]}}