{"id":72,"date":"2025-08-27T12:04:29","date_gmt":"2025-08-27T10:04:29","guid":{"rendered":"https:\/\/ekolak.rs\/?page_id=72"},"modified":"2025-08-27T12:52:20","modified_gmt":"2025-08-27T10:52:20","slug":"kontakt","status":"publish","type":"page","link":"https:\/\/ekolak.rs\/en\/kontakt\/","title":{"rendered":"Contact"},"content":{"rendered":"\t\t<div data-elementor-type=\"wp-page\" data-elementor-id=\"72\" class=\"elementor elementor-72\" data-elementor-post-type=\"page\">\n\t\t\t\t\t\t<section class=\"wd-negative-gap elementor-section elementor-top-section elementor-element elementor-element-2e329672 elementor-section-boxed elementor-section-height-default elementor-section-height-default\" data-id=\"2e329672\" data-element_type=\"section\" data-e-type=\"section\">\n\t\t\t\t\t\t<div class=\"elementor-container elementor-column-gap-default\">\n\t\t\t\t\t<div class=\"elementor-column elementor-col-50 elementor-top-column elementor-element elementor-element-35620503\" data-id=\"35620503\" data-element_type=\"column\" data-e-type=\"column\">\n\t\t\t<div class=\"elementor-widget-wrap elementor-element-populated\">\n\t\t\t\t\t\t<div class=\"elementor-element elementor-element-73a0cbdb wd-width-100 elementor-widget elementor-widget-wd_title\" data-id=\"73a0cbdb\" data-element_type=\"widget\" data-e-type=\"widget\" data-widget_type=\"wd_title.default\">\n\t\t\t\t<div class=\"elementor-widget-container\">\n\t\t\t\t\t\t\t<div class=\"title-wrapper wd-set-mb reset-last-child wd-title-color-default wd-title-style-bordered wd-title-size-default text-left\">\n\n\t\t\t\n\t\t\t<div class=\"liner-continer\">\n\t\t\t\t<h4 class=\"woodmart-title-container title wd-fontsize-l\">Po\u0161aljite upit<\/h4> \n\t\t\t\t\t\t\t<\/div>\n\n\t\t\t\t\t<\/div>\n\t\t\t\t\t\t<\/div>\n\t\t\t\t<\/div>\n\t\t\t\t<div class=\"elementor-element elementor-element-1632a44e wd-cf7 elementor-widget elementor-widget-wd_contact_form_7\" data-id=\"1632a44e\" data-element_type=\"widget\" data-e-type=\"widget\" data-widget_type=\"wd_contact_form_7.default\">\n\t\t\t\t<div class=\"elementor-widget-container\">\n\t\t\t\t\t\n<div class=\"wpcf7 no-js\" id=\"wpcf7-f88-o1\" lang=\"en-US\" dir=\"ltr\" data-wpcf7-id=\"88\">\n<div class=\"screen-reader-response\"><p role=\"status\" aria-live=\"polite\" aria-atomic=\"true\"><\/p> <ul><\/ul><\/div>\n<form action=\"\/en\/wp-json\/wp\/v2\/pages\/72#wpcf7-f88-o1\" method=\"post\" class=\"wpcf7-form init\" aria-label=\"Contact form\" novalidate=\"novalidate\" data-status=\"init\">\n<fieldset class=\"hidden-fields-container\"><input type=\"hidden\" name=\"_wpcf7\" value=\"88\" \/><input type=\"hidden\" name=\"_wpcf7_version\" value=\"6.1.5\" \/><input type=\"hidden\" name=\"_wpcf7_locale\" value=\"en_US\" \/><input type=\"hidden\" name=\"_wpcf7_unit_tag\" value=\"wpcf7-f88-o1\" \/><input type=\"hidden\" name=\"_wpcf7_container_post\" value=\"0\" \/><input type=\"hidden\" name=\"_wpcf7_posted_data_hash\" value=\"\" \/>\n<\/fieldset>\n<p><label> Ime *<br \/>\n<span class=\"wpcf7-form-control-wrap\" data-name=\"ime\"><input size=\"40\" maxlength=\"400\" class=\"wpcf7-form-control wpcf7-text wpcf7-validates-as-required\" aria-required=\"true\" aria-invalid=\"false\" value=\"\" type=\"text\" name=\"ime\" \/><\/span> <\/label>\n<\/p>\n<p><label> Prezime *<br \/>\n<span class=\"wpcf7-form-control-wrap\" data-name=\"prezime\"><input size=\"40\" maxlength=\"400\" class=\"wpcf7-form-control wpcf7-text wpcf7-validates-as-required\" aria-required=\"true\" aria-invalid=\"false\" value=\"\" type=\"text\" name=\"prezime\" \/><\/span> <\/label>\n<\/p>\n<p><label> E-mail *<br \/>\n<span class=\"wpcf7-form-control-wrap\" data-name=\"email\"><input size=\"40\" maxlength=\"400\" class=\"wpcf7-form-control wpcf7-email wpcf7-validates-as-required wpcf7-text wpcf7-validates-as-email\" autocomplete=\"email\" aria-required=\"true\" aria-invalid=\"false\" value=\"\" type=\"email\" name=\"email\" \/><\/span> <\/label>\n<\/p>\n<p><label> Poruka *<br \/>\n<span class=\"wpcf7-form-control-wrap\" data-name=\"poruka\"><textarea cols=\"40\" rows=\"10\" maxlength=\"400\" class=\"wpcf7-form-control wpcf7-textarea wpcf7-validates-as-required poruka\" aria-required=\"true\" aria-invalid=\"false\" name=\"poruka\"><\/textarea><\/span> <\/label><br \/>\nPolja ozna\u010dena sa * su obavezna.\n<\/p>\n<p><br \/>\n<div class=\"wpcf7-form-control-wrap\" data-name=\"prosopo_procaptcha\">\n\n    <div class=\"wpcf7-form-control prosopo-procaptcha-wp__wrapper\">\n        <prosopo-procaptcha-wp-widget class=\"prosopo-procaptcha-wp-widget\" style=\"display: block;\">\n            <div class=\"prosopo-procaptcha\"><\/div>\n        <\/prosopo-procaptcha-wp-widget>\n\n        \n        \n    <\/div>\n<\/div>\n<\/p>\n<p><input class=\"wpcf7-form-control wpcf7-submit has-spinner\" type=\"submit\" value=\"Po\u0161alji\" \/>\n<\/p><div class=\"wpcf7-response-output\" aria-hidden=\"true\"><\/div>\n<\/form>\n<\/div>\n\t\t\t\t<\/div>\n\t\t\t\t<\/div>\n\t\t\t\t\t<\/div>\n\t\t<\/div>\n\t\t\t\t<div class=\"elementor-column elementor-col-50 elementor-top-column elementor-element elementor-element-6199b32f\" data-id=\"6199b32f\" data-element_type=\"column\" data-e-type=\"column\">\n\t\t\t<div class=\"elementor-widget-wrap elementor-element-populated\">\n\t\t\t\t\t\t<div class=\"elementor-element elementor-element-4b10e949 wd-width-100 elementor-widget elementor-widget-wd_title\" data-id=\"4b10e949\" data-element_type=\"widget\" data-e-type=\"widget\" data-widget_type=\"wd_title.default\">\n\t\t\t\t<div class=\"elementor-widget-container\">\n\t\t\t\t\t\t\t<div class=\"title-wrapper wd-set-mb reset-last-child wd-title-color-default wd-title-style-bordered wd-title-size-default text-left\">\n\n\t\t\t\n\t\t\t<div class=\"liner-continer\">\n\t\t\t\t<h4 class=\"woodmart-title-container title wd-fontsize-l\">Kontaktirajte nas<\/h4> \n\t\t\t\t\t\t\t<\/div>\n\n\t\t\t\t\t<\/div>\n\t\t\t\t\t\t<\/div>\n\t\t\t\t<\/div>\n\t\t\t\t<section class=\"wd-negative-gap elementor-section elementor-inner-section elementor-element elementor-element-7d4b1c96 elementor-section-boxed elementor-section-height-default elementor-section-height-default\" data-id=\"7d4b1c96\" data-element_type=\"section\" data-e-type=\"section\">\n\t\t\t\t\t\t<div class=\"elementor-container elementor-column-gap-extended\">\n\t\t\t\t\t<div class=\"elementor-column elementor-col-50 elementor-inner-column elementor-element elementor-element-34b0c87f\" data-id=\"34b0c87f\" data-element_type=\"column\" data-e-type=\"column\">\n\t\t\t<div class=\"elementor-widget-wrap elementor-element-populated\">\n\t\t\t\t\t\t<div class=\"elementor-element elementor-element-ea70a9f elementor-widget elementor-widget-wd_infobox\" data-id=\"ea70a9f\" data-element_type=\"widget\" data-e-type=\"widget\" data-widget_type=\"wd_infobox.default\">\n\t\t\t\t<div class=\"elementor-widget-container\">\n\t\t\t\t\t\t\t<div class=\"info-box-wrapper\">\n\t\t\t<div class=\"wd-info-box text-left box-icon-align-left box-style-base color-scheme- wd-items-top\">\n\t\t\t\t\t\t\t\t\t<div class=\"box-icon-wrapper  box-with-icon box-icon-simple\">\n\t\t\t\t\t\t<div class=\"info-box-icon\">\n\t\t\t\t\t\t\t\t\t\t\t\t\t\t\t<div class=\"info-svg-wrapper\" style=\"width:40px; height:40px;\"><img decoding=\"async\"  src=\"https:\/\/ekolak.rs\/wp-content\/uploads\/2025\/08\/w-cellphone.svg\" title=\"w-cellphone.svg\" loading=\"lazy\" width=\"40\" height=\"40\"><\/div>\t\t\t\t\t\t\t\t\t\t\t\t\t<\/div>\n\t\t\t\t\t<\/div>\n\t\t\t\t\n\t\t\t\t<div class=\"info-box-content\">\n\t\t\t\t\t\n\t\t\t\t\t\n\t\t\t\t\t<div class=\"info-box-inner reset-last-child\"data-elementor-setting-key=\"content\"><p><span style=\"color: #333333;\"><strong>E-mail:<\/strong><\/span> info@ekolak.rs<br \/><span style=\"color: #333333;\"><strong>Telefon:<\/strong><\/span> +381 34 355 339<\/p>\n<\/div>\n\n\t\t\t\t\t\t\t\t\t<\/div>\n\n\t\t\t\t\t\t\t<\/div>\n\t\t<\/div>\n\t\t\t\t\t\t<\/div>\n\t\t\t\t<\/div>\n\t\t\t\t<div class=\"elementor-element elementor-element-69aa5082 elementor-widget elementor-widget-wd_infobox\" data-id=\"69aa5082\" data-element_type=\"widget\" data-e-type=\"widget\" data-widget_type=\"wd_infobox.default\">\n\t\t\t\t<div class=\"elementor-widget-container\">\n\t\t\t\t\t\t\t<div class=\"info-box-wrapper\">\n\t\t\t<div class=\"wd-info-box text-left box-icon-align-left box-style-base color-scheme- wd-items-top\">\n\t\t\t\t\t\t\t\t\t<div class=\"box-icon-wrapper  box-with-icon box-icon-simple\">\n\t\t\t\t\t\t<div class=\"info-box-icon\">\n\t\t\t\t\t\t\t\t\t\t\t\t\t\t\t<div class=\"info-svg-wrapper\" style=\"width:40px; height:40px;\"><img decoding=\"async\"  src=\"https:\/\/ekolak.rs\/wp-content\/uploads\/2025\/08\/w-map-placeholder.svg\" title=\"w-map-placeholder.svg\" loading=\"lazy\" width=\"40\" height=\"40\"><\/div>\t\t\t\t\t\t\t\t\t\t\t\t\t<\/div>\n\t\t\t\t\t<\/div>\n\t\t\t\t\n\t\t\t\t<div class=\"info-box-content\">\n\t\t\t\t\t\n\t\t\t\t\t\n\t\t\t\t\t<div class=\"info-box-inner reset-last-child\"data-elementor-setting-key=\"content\"><p><span style=\"color: #333333;\"><strong>Adresa:<\/strong><\/span> Vu\u010di\u0107 bb, 34210 Ra\u010da, Srbija<\/p>\n<\/div>\n\n\t\t\t\t\t\t\t\t\t<\/div>\n\n\t\t\t\t\t\t\t<\/div>\n\t\t<\/div>\n\t\t\t\t\t\t<\/div>\n\t\t\t\t<\/div>\n\t\t\t\t\t<\/div>\n\t\t<\/div>\n\t\t\t\t<div class=\"elementor-column elementor-col-50 elementor-inner-column elementor-element elementor-element-0695271\" data-id=\"0695271\" data-element_type=\"column\" data-e-type=\"column\">\n\t\t\t<div class=\"elementor-widget-wrap elementor-element-populated\">\n\t\t\t\t\t\t<div class=\"elementor-element elementor-element-e3298bc elementor-widget elementor-widget-wd_infobox\" data-id=\"e3298bc\" data-element_type=\"widget\" data-e-type=\"widget\" data-widget_type=\"wd_infobox.default\">\n\t\t\t\t<div class=\"elementor-widget-container\">\n\t\t\t\t\t\t\t<div class=\"info-box-wrapper\">\n\t\t\t<div class=\"wd-info-box text-left box-icon-align-left box-style-base color-scheme- wd-items-top\">\n\t\t\t\t\n\t\t\t\t<div class=\"info-box-content\">\n\t\t\t\t\t\n\t\t\t\t\t\n\t\t\t\t\t<div class=\"info-box-inner reset-last-child\"data-elementor-setting-key=\"content\"><p><span style=\"color: #333333;\"><strong>Radno vreme:<\/strong><\/span><\/p>\n<p>Ponedeljak - Petak: 08h - 16h<br \/>Subota: 09h - 14h<\/p>\n<\/div>\n\n\t\t\t\t\t\t\t\t\t<\/div>\n\n\t\t\t\t\t\t\t<\/div>\n\t\t<\/div>\n\t\t\t\t\t\t<\/div>\n\t\t\t\t<\/div>\n\t\t\t\t\t<\/div>\n\t\t<\/div>\n\t\t\t\t\t<\/div>\n\t\t<\/section>\n\t\t\t\t<div class=\"elementor-element elementor-element-2a20a849 elementor-widget elementor-widget-wd_text_block\" data-id=\"2a20a849\" data-element_type=\"widget\" data-e-type=\"widget\" data-widget_type=\"wd_text_block.default\">\n\t\t\t\t<div class=\"elementor-widget-container\">\n\t\t\t\t\t\t\t<div class=\"wd-text-block reset-last-child text-left color-title\">\n\t\t\t\n\t\t\t<p>Imate pitanje?<br \/>\n<span style=\"color: #f00;\">Po\u0161aljite upit i javi\u0107emo Vam se u najkra\u0107em roku.<\/span><\/p>\n\n\t\t\t\t\t<\/div>\n\t\t\t\t\t\t<\/div>\n\t\t\t\t<\/div>\n\t\t<div class=\"wd-negative-gap elementor-element elementor-element-ea72475 e-flex e-con-boxed e-con e-parent\" data-id=\"ea72475\" data-element_type=\"container\" data-e-type=\"container\">\n\t\t\t\t\t<div class=\"e-con-inner\">\n\t\t\t\t<div class=\"elementor-element elementor-element-d65ae63 wd-width-100 elementor-widget elementor-widget-wd_open_street_map\" data-id=\"d65ae63\" data-element_type=\"widget\" data-e-type=\"widget\" data-widget_type=\"wd_open_street_map.default\">\n\t\t\t\t<div class=\"elementor-widget-container\">\n\t\t\t\t\t\t\t<div class=\"wd-osm-map-container wd-map-container\">\n\t\t\t<div id=\"wd-osm-map-d65ae63\" class=\"wd-osm-map-wrapper wd-map-wrapper\" data-settings=\"{&quot;zoom&quot;:13,&quot;iconUrl&quot;:&quot;https:\\\/\\\/ekolak.rs\\\/wp-content\\\/themes\\\/woodmart\\\/images\\\/icons\\\/marker-icon.png&quot;,&quot;scrollWheelZoom&quot;:&quot;no&quot;,&quot;geoapify_tile&quot;:&quot;osm-carto&quot;,&quot;markers&quot;:[{&quot;marker&quot;:{&quot;_id&quot;:&quot;911e04c&quot;,&quot;marker_title&quot;:&quot;EkoLak&quot;,&quot;marker_coords&quot;:&quot;44.2026355, 21.0129596&quot;,&quot;marker_behavior&quot;:&quot;static_close_off&quot;,&quot;marker_description&quot;:&quot;&quot;,&quot;show_button&quot;:&quot;no&quot;,&quot;button_text&quot;:null,&quot;button_url&quot;:null,&quot;button_url_target&quot;:null,&quot;image&quot;:{&quot;url&quot;:&quot;&quot;,&quot;id&quot;:&quot;&quot;,&quot;size&quot;:&quot;&quot;},&quot;image_size&quot;:[],&quot;image_custom_dimension&quot;:null},&quot;lat&quot;:&quot;44.2026355&quot;,&quot;lng&quot;:&quot; 21.0129596&quot;}],&quot;center&quot;:&quot;44.2026355,21.0129596&quot;,&quot;init_type&quot;:&quot;page_load&quot;}\"><\/div>\n\n\t\t\t\n\t\t\t\n\t\t\t\t\t<\/div>\n\t\t\t\t\t\t<\/div>\n\t\t\t\t<\/div>\n\t\t\t\t\t<\/div>\n\t\t\t\t<\/div>\n\t\t\t\t\t<\/div>\n\t\t<\/div>\n\t\t\t\t\t<\/div>\n\t\t<\/section>\n\t\t\t\t<\/div>\n\t\t","protected":false},"excerpt":{"rendered":"<p>Po\u0161aljite upit Ime Prezime E-mail Poruka Kontaktirajte nas E-mail: info@ekolak.rsTelefon: +381 34 355 339 Adresa: Vu\u010di\u0107 bb, 34210 Ra\u010da, Srbija<\/p>","protected":false},"author":1,"featured_media":0,"parent":0,"menu_order":0,"comment_status":"closed","ping_status":"closed","template":"","meta":{"_acf_changed":false,"footnotes":""},"class_list":["post-72","page","type-page","status-publish","hentry"],"acf":[],"yoast_head":"<!-- This site is optimized with the Yoast SEO Premium plugin v27.4 (Yoast SEO v27.4) - https:\/\/yoast.com\/product\/yoast-seo-premium-wordpress\/ -->\n<title>Kontakt | EkoLak<\/title>\n<meta name=\"robots\" content=\"index, follow, max-snippet:-1, max-image-preview:large, max-video-preview:-1\" \/>\n<link rel=\"canonical\" href=\"https:\/\/ekolak.rs\/en\/kontakt\/\" \/>\n<meta property=\"og:locale\" content=\"en_US\" \/>\n<meta property=\"og:type\" content=\"article\" \/>\n<meta property=\"og:title\" content=\"Kontakt\" \/>\n<meta property=\"og:description\" content=\"Po\u0161aljite upit Ime Prezime E-mail Poruka Kontaktirajte nas E-mail: info@ekolak.rsTelefon: +381 34 355 339 Adresa: Vu\u010di\u0107 bb, 34210 Ra\u010da, Srbija\" \/>\n<meta property=\"og:url\" content=\"https:\/\/ekolak.rs\/en\/kontakt\/\" \/>\n<meta property=\"og:site_name\" content=\"EkoLak\" \/>\n<meta property=\"article:publisher\" content=\"https:\/\/www.facebook.com\/ekolakdoo\" \/>\n<meta property=\"article:modified_time\" content=\"2025-08-27T10:52:20+00:00\" \/>\n<meta property=\"og:image\" content=\"https:\/\/ekolak.rs\/wp-content\/uploads\/2025\/08\/w-cellphone.svg\" \/>\n<meta name=\"twitter:card\" content=\"summary_large_image\" \/>\n<meta name=\"twitter:label1\" content=\"Est. reading time\" \/>\n\t<meta name=\"twitter:data1\" content=\"3 minutes\" \/>\n<script type=\"application\/ld+json\" class=\"yoast-schema-graph\">{\"@context\":\"https:\\\/\\\/schema.org\",\"@graph\":[{\"@type\":\"WebPage\",\"@id\":\"https:\\\/\\\/ekolak.rs\\\/kontakt\\\/\",\"url\":\"https:\\\/\\\/ekolak.rs\\\/kontakt\\\/\",\"name\":\"Kontakt | EkoLak\",\"isPartOf\":{\"@id\":\"https:\\\/\\\/ekolak.rs\\\/#website\"},\"primaryImageOfPage\":{\"@id\":\"https:\\\/\\\/ekolak.rs\\\/kontakt\\\/#primaryimage\"},\"image\":{\"@id\":\"https:\\\/\\\/ekolak.rs\\\/kontakt\\\/#primaryimage\"},\"thumbnailUrl\":\"https:\\\/\\\/ekolak.rs\\\/wp-content\\\/uploads\\\/2025\\\/08\\\/w-cellphone.svg\",\"datePublished\":\"2025-08-27T10:04:29+00:00\",\"dateModified\":\"2025-08-27T10:52:20+00:00\",\"breadcrumb\":{\"@id\":\"https:\\\/\\\/ekolak.rs\\\/kontakt\\\/#breadcrumb\"},\"inLanguage\":\"en-US\",\"potentialAction\":[{\"@type\":\"ReadAction\",\"target\":[\"https:\\\/\\\/ekolak.rs\\\/kontakt\\\/\"]}]},{\"@type\":\"ImageObject\",\"inLanguage\":\"en-US\",\"@id\":\"https:\\\/\\\/ekolak.rs\\\/kontakt\\\/#primaryimage\",\"url\":\"https:\\\/\\\/ekolak.rs\\\/wp-content\\\/uploads\\\/2025\\\/08\\\/w-cellphone.svg\",\"contentUrl\":\"https:\\\/\\\/ekolak.rs\\\/wp-content\\\/uploads\\\/2025\\\/08\\\/w-cellphone.svg\"},{\"@type\":\"BreadcrumbList\",\"@id\":\"https:\\\/\\\/ekolak.rs\\\/kontakt\\\/#breadcrumb\",\"itemListElement\":[{\"@type\":\"ListItem\",\"position\":1,\"name\":\"Home\",\"item\":\"https:\\\/\\\/ekolak.rs\\\/\"},{\"@type\":\"ListItem\",\"position\":2,\"name\":\"Kontakt\"}]},{\"@type\":\"WebSite\",\"@id\":\"https:\\\/\\\/ekolak.rs\\\/#website\",\"url\":\"https:\\\/\\\/ekolak.rs\\\/\",\"name\":\"EkoLak\",\"description\":\"Boje i lakovi\",\"publisher\":{\"@id\":\"https:\\\/\\\/ekolak.rs\\\/#organization\"},\"potentialAction\":[{\"@type\":\"SearchAction\",\"target\":{\"@type\":\"EntryPoint\",\"urlTemplate\":\"https:\\\/\\\/ekolak.rs\\\/?s={search_term_string}\"},\"query-input\":{\"@type\":\"PropertyValueSpecification\",\"valueRequired\":true,\"valueName\":\"search_term_string\"}}],\"inLanguage\":\"en-US\"},{\"@type\":\"Organization\",\"@id\":\"https:\\\/\\\/ekolak.rs\\\/#organization\",\"name\":\"EkoLak\",\"url\":\"https:\\\/\\\/ekolak.rs\\\/\",\"logo\":{\"@type\":\"ImageObject\",\"inLanguage\":\"en-US\",\"@id\":\"https:\\\/\\\/ekolak.rs\\\/#\\\/schema\\\/logo\\\/image\\\/\",\"url\":\"https:\\\/\\\/ekolak.rs\\\/wp-content\\\/uploads\\\/2025\\\/08\\\/logo-ekolak.png\",\"contentUrl\":\"https:\\\/\\\/ekolak.rs\\\/wp-content\\\/uploads\\\/2025\\\/08\\\/logo-ekolak.png\",\"width\":1024,\"height\":258,\"caption\":\"EkoLak\"},\"image\":{\"@id\":\"https:\\\/\\\/ekolak.rs\\\/#\\\/schema\\\/logo\\\/image\\\/\"},\"sameAs\":[\"https:\\\/\\\/www.facebook.com\\\/ekolakdoo\",\"https:\\\/\\\/www.instagram.com\\\/ekolak_rs\\\/\",\"https:\\\/\\\/www.youtube.com\\\/@ekolak\"],\"description\":\"Mi smo vode\u0107i proizvo\u0111a\u010di ekolo\u0161kih boja i lakova u Srbiji. Kvalitet, trajnost i prirodna za\u0161tita za profesionalce i hobiste.\",\"email\":\"info@ekolak.rs\",\"telephone\":\"0038134355339\",\"legalName\":\"EkoLak D.O.O.\",\"foundingDate\":\"2010-02-10\",\"vatID\":\"RS106464826\",\"numberOfEmployees\":{\"@type\":\"QuantitativeValue\",\"minValue\":\"11\",\"maxValue\":\"50\"}}]}<\/script>\n<!-- \/ Yoast SEO Premium plugin. -->","yoast_head_json":{"title":"Kontakt | EkoLak","robots":{"index":"index","follow":"follow","max-snippet":"max-snippet:-1","max-image-preview":"max-image-preview:large","max-video-preview":"max-video-preview:-1"},"canonical":"https:\/\/ekolak.rs\/en\/kontakt\/","og_locale":"en_US","og_type":"article","og_title":"Kontakt","og_description":"Po\u0161aljite upit Ime Prezime E-mail Poruka Kontaktirajte nas E-mail: info@ekolak.rsTelefon: +381 34 355 339 Adresa: Vu\u010di\u0107 bb, 34210 Ra\u010da, Srbija","og_url":"https:\/\/ekolak.rs\/en\/kontakt\/","og_site_name":"EkoLak","article_publisher":"https:\/\/www.facebook.com\/ekolakdoo","article_modified_time":"2025-08-27T10:52:20+00:00","og_image":[{"url":"https:\/\/ekolak.rs\/wp-content\/uploads\/2025\/08\/w-cellphone.svg","type":"","width":"","height":""}],"twitter_card":"summary_large_image","twitter_misc":{"Est. reading time":"3 minutes"},"schema":{"@context":"https:\/\/schema.org","@graph":[{"@type":"WebPage","@id":"https:\/\/ekolak.rs\/kontakt\/","url":"https:\/\/ekolak.rs\/kontakt\/","name":"Kontakt | EkoLak","isPartOf":{"@id":"https:\/\/ekolak.rs\/#website"},"primaryImageOfPage":{"@id":"https:\/\/ekolak.rs\/kontakt\/#primaryimage"},"image":{"@id":"https:\/\/ekolak.rs\/kontakt\/#primaryimage"},"thumbnailUrl":"https:\/\/ekolak.rs\/wp-content\/uploads\/2025\/08\/w-cellphone.svg","datePublished":"2025-08-27T10:04:29+00:00","dateModified":"2025-08-27T10:52:20+00:00","breadcrumb":{"@id":"https:\/\/ekolak.rs\/kontakt\/#breadcrumb"},"inLanguage":"en-US","potentialAction":[{"@type":"ReadAction","target":["https:\/\/ekolak.rs\/kontakt\/"]}]},{"@type":"ImageObject","inLanguage":"en-US","@id":"https:\/\/ekolak.rs\/kontakt\/#primaryimage","url":"https:\/\/ekolak.rs\/wp-content\/uploads\/2025\/08\/w-cellphone.svg","contentUrl":"https:\/\/ekolak.rs\/wp-content\/uploads\/2025\/08\/w-cellphone.svg"},{"@type":"BreadcrumbList","@id":"https:\/\/ekolak.rs\/kontakt\/#breadcrumb","itemListElement":[{"@type":"ListItem","position":1,"name":"Home","item":"https:\/\/ekolak.rs\/"},{"@type":"ListItem","position":2,"name":"Kontakt"}]},{"@type":"WebSite","@id":"https:\/\/ekolak.rs\/#website","url":"https:\/\/ekolak.rs\/","name":"EkoLak","description":"Boje i lakovi","publisher":{"@id":"https:\/\/ekolak.rs\/#organization"},"potentialAction":[{"@type":"SearchAction","target":{"@type":"EntryPoint","urlTemplate":"https:\/\/ekolak.rs\/?s={search_term_string}"},"query-input":{"@type":"PropertyValueSpecification","valueRequired":true,"valueName":"search_term_string"}}],"inLanguage":"en-US"},{"@type":"Organization","@id":"https:\/\/ekolak.rs\/#organization","name":"EkoLak","url":"https:\/\/ekolak.rs\/","logo":{"@type":"ImageObject","inLanguage":"en-US","@id":"https:\/\/ekolak.rs\/#\/schema\/logo\/image\/","url":"https:\/\/ekolak.rs\/wp-content\/uploads\/2025\/08\/logo-ekolak.png","contentUrl":"https:\/\/ekolak.rs\/wp-content\/uploads\/2025\/08\/logo-ekolak.png","width":1024,"height":258,"caption":"EkoLak"},"image":{"@id":"https:\/\/ekolak.rs\/#\/schema\/logo\/image\/"},"sameAs":["https:\/\/www.facebook.com\/ekolakdoo","https:\/\/www.instagram.com\/ekolak_rs\/","https:\/\/www.youtube.com\/@ekolak"],"description":"Mi smo vode\u0107i proizvo\u0111a\u010di ekolo\u0161kih boja i lakova u Srbiji. Kvalitet, trajnost i prirodna za\u0161tita za profesionalce i hobiste.","email":"info@ekolak.rs","telephone":"0038134355339","legalName":"EkoLak D.O.O.","foundingDate":"2010-02-10","vatID":"RS106464826","numberOfEmployees":{"@type":"QuantitativeValue","minValue":"11","maxValue":"50"}}]}},"_links":{"self":[{"href":"https:\/\/ekolak.rs\/en\/wp-json\/wp\/v2\/pages\/72","targetHints":{"allow":["GET"]}}],"collection":[{"href":"https:\/\/ekolak.rs\/en\/wp-json\/wp\/v2\/pages"}],"about":[{"href":"https:\/\/ekolak.rs\/en\/wp-json\/wp\/v2\/types\/page"}],"author":[{"embeddable":true,"href":"https:\/\/ekolak.rs\/en\/wp-json\/wp\/v2\/users\/1"}],"replies":[{"embeddable":true,"href":"https:\/\/ekolak.rs\/en\/wp-json\/wp\/v2\/comments?post=72"}],"version-history":[{"count":25,"href":"https:\/\/ekolak.rs\/en\/wp-json\/wp\/v2\/pages\/72\/revisions"}],"predecessor-version":[{"id":110,"href":"https:\/\/ekolak.rs\/en\/wp-json\/wp\/v2\/pages\/72\/revisions\/110"}],"wp:attachment":[{"href":"https:\/\/ekolak.rs\/en\/wp-json\/wp\/v2\/media?parent=72"}],"curies":[{"name":"wp","href":"https:\/\/api.w.org\/{rel}","templated":true}]}}