{"id":916,"date":"2025-09-04T10:24:57","date_gmt":"2025-09-04T08:24:57","guid":{"rendered":"https:\/\/ekolak.rs\/?page_id=916"},"modified":"2025-09-04T10:26:32","modified_gmt":"2025-09-04T08:26:32","slug":"galerija","status":"publish","type":"page","link":"https:\/\/ekolak.rs\/en\/galerija\/","title":{"rendered":"Gallery"},"content":{"rendered":"<div data-elementor-type=\"wp-page\" data-elementor-id=\"916\" class=\"elementor elementor-916\" data-elementor-post-type=\"page\">\n\t\t\t\t<div class=\"wd-negative-gap elementor-element elementor-element-7ed6f50 e-flex e-con-boxed e-con e-parent\" data-id=\"7ed6f50\" data-element_type=\"container\" data-e-type=\"container\">\n\t\t\t\t\t<div class=\"e-con-inner\">\n\t\t\t\t<div class=\"elementor-element elementor-element-2cc6d5d elementor-widget elementor-widget-global elementor-global-622 elementor-widget-gallery\" data-id=\"2cc6d5d\" data-element_type=\"widget\" data-e-type=\"widget\" data-settings=\"{&quot;overlay_title&quot;:&quot;title&quot;,&quot;columns_mobile&quot;:2,&quot;gap_mobile&quot;:{&quot;unit&quot;:&quot;px&quot;,&quot;size&quot;:5,&quot;sizes&quot;:[]},&quot;lazyload&quot;:&quot;yes&quot;,&quot;gallery_layout&quot;:&quot;grid&quot;,&quot;columns&quot;:4,&quot;columns_tablet&quot;:2,&quot;gap&quot;:{&quot;unit&quot;:&quot;px&quot;,&quot;size&quot;:10,&quot;sizes&quot;:[]},&quot;gap_tablet&quot;:{&quot;unit&quot;:&quot;px&quot;,&quot;size&quot;:10,&quot;sizes&quot;:[]},&quot;link_to&quot;:&quot;file&quot;,&quot;aspect_ratio&quot;:&quot;3:2&quot;,&quot;show_all_galleries&quot;:&quot;yes&quot;,&quot;overlay_background&quot;:&quot;yes&quot;,&quot;content_hover_animation&quot;:&quot;fade-in&quot;}\" data-widget_type=\"gallery.default\">\n\t\t\t\t\t\t\t\t<div class=\"elementor-gallery__titles-container e--pointer-underline e--animation-fade\" aria-label=\"Gallery filter\">\n\t\t\t\t\t\t\t\t\t<a class=\"elementor-item elementor-gallery-title\" role=\"button\" tabindex=\"0\" data-gallery-index=\"all\">\n\t\t\t\t\t\tSve\t\t\t\t\t<\/a>\n\t\t\t\t\n\t\t\t\t\t\t\t\t\t<a class=\"elementor-item elementor-gallery-title\" role=\"button\" tabindex=\"0\" data-gallery-index=\"1\">\n\t\t\t\t\t\tAcrylic Stain with Wax\t\t\t\t\t<\/a>\n\t\t\t\t\t\t\t\t\t\t<a class=\"elementor-item elementor-gallery-title\" role=\"button\" tabindex=\"0\" data-gallery-index=\"2\">\n\t\t\t\t\t\tBajc Impregnant\t\t\t\t\t<\/a>\n\t\t\t\t\t\t\t\t\t\t<a class=\"elementor-item elementor-gallery-title\" role=\"button\" tabindex=\"0\" data-gallery-index=\"3\">\n\t\t\t\t\t\tDecking Stain\t\t\t\t\t<\/a>\n\t\t\t\t\t\t\t\t\t\t<a class=\"elementor-item elementor-gallery-title\" role=\"button\" tabindex=\"0\" data-gallery-index=\"4\">\n\t\t\t\t\t\tDecking Oil\t\t\t\t\t<\/a>\n\t\t\t\t\t\t\t\t\t\t<a class=\"elementor-item elementor-gallery-title\" role=\"button\" tabindex=\"0\" data-gallery-index=\"5\">\n\t\t\t\t\t\tHybrid Stain\t\t\t\t\t<\/a>\n\t\t\t\t\t\t\t\t\t\t<a class=\"elementor-item elementor-gallery-title\" role=\"button\" tabindex=\"0\" data-gallery-index=\"6\">\n\t\t\t\t\t\tHybrid Solid\t\t\t\t\t<\/a>\n\t\t\t\t\t\t\t\t<\/div>\n\t\t\t\t\t<div class=\"elementor-gallery__container\">\n\t\t\t\t\t\t\t<a class=\"e-gallery-item elementor-gallery-item elementor-animated-content\" data-e-gallery-tags=\"1\" href=\"https:\/\/ekolak.rs\/wp-content\/uploads\/2025\/09\/galerija-akrilna-lazura-sa-voskom-1.webp\" data-elementor-open-lightbox=\"yes\" data-elementor-lightbox-slideshow=\"2cc6d5d\" data-elementor-lightbox-title=\"Akrilna lazura sa voskom\" data-e-action-hash=\"#elementor-action%3Aaction%3Dlightbox%26settings%3DeyJpZCI6ODk4LCJ1cmwiOiJodHRwczpcL1wvZWtvbGFrLnJzXC93cC1jb250ZW50XC91cGxvYWRzXC8yMDI1XC8wOVwvZ2FsZXJpamEtYWtyaWxuYS1sYXp1cmEtc2Etdm9za29tLTEud2VicCIsInNsaWRlc2hvdyI6IjJjYzZkNWQifQ%3D%3D\">\n\t\t\t\t\t<div class=\"e-gallery-image elementor-gallery-item__image\" data-thumbnail=\"https:\/\/ekolak.rs\/wp-content\/uploads\/2025\/09\/galerija-akrilna-lazura-sa-voskom-1-768x518.webp\" data-width=\"768\" data-height=\"518\" aria-label=\"\" role=\"img\" ><\/div>\n\t\t\t\t\t\t\t\t\t\t\t<div class=\"elementor-gallery-item__overlay\"><\/div>\n\t\t\t\t\t\t\t\t\t\t\t\t\t\t\t<div class=\"elementor-gallery-item__content\">\n\t\t\t\t\t\t\t\t\t\t\t\t\t\t<div class=\"elementor-gallery-item__title\">\n\t\t\t\t\t\t\t\t\t\t\t\t\t\t\t\t\t\tAcrylic Stain with Wax\t\t\t\t\t\t\t\t<\/div>\n\t\t\t\t\t\t\t\t\t\t\t\t<\/div>\n\t\t\t\t\t\t\t\t\t<\/a>\n\t\t\t\t\t\t\t<a class=\"e-gallery-item elementor-gallery-item elementor-animated-content\" data-e-gallery-tags=\"2\" href=\"https:\/\/ekolak.rs\/wp-content\/uploads\/2025\/09\/galerija-bajc-impregnant-1.webp\" data-elementor-open-lightbox=\"yes\" data-elementor-lightbox-slideshow=\"2cc6d5d\" data-elementor-lightbox-title=\"Bajc Impregnant\" data-e-action-hash=\"#elementor-action%3Aaction%3Dlightbox%26settings%3DeyJpZCI6OTA0LCJ1cmwiOiJodHRwczpcL1wvZWtvbGFrLnJzXC93cC1jb250ZW50XC91cGxvYWRzXC8yMDI1XC8wOVwvZ2FsZXJpamEtYmFqYy1pbXByZWduYW50LTEud2VicCIsInNsaWRlc2hvdyI6IjJjYzZkNWQifQ%3D%3D\">\n\t\t\t\t\t<div class=\"e-gallery-image elementor-gallery-item__image\" data-thumbnail=\"https:\/\/ekolak.rs\/wp-content\/uploads\/2025\/09\/galerija-bajc-impregnant-1-768x518.webp\" data-width=\"768\" data-height=\"518\" aria-label=\"\" role=\"img\" ><\/div>\n\t\t\t\t\t\t\t\t\t\t\t<div class=\"elementor-gallery-item__overlay\"><\/div>\n\t\t\t\t\t\t\t\t\t\t\t\t\t\t\t<div class=\"elementor-gallery-item__content\">\n\t\t\t\t\t\t\t\t\t\t\t\t\t\t<div class=\"elementor-gallery-item__title\">\n\t\t\t\t\t\t\t\t\t\t\t\t\t\t\t\t\t\tBajc Impregnant\t\t\t\t\t\t\t\t<\/div>\n\t\t\t\t\t\t\t\t\t\t\t\t<\/div>\n\t\t\t\t\t\t\t\t\t<\/a>\n\t\t\t\t\t\t\t<a class=\"e-gallery-item elementor-gallery-item elementor-animated-content\" data-e-gallery-tags=\"3\" href=\"https:\/\/ekolak.rs\/wp-content\/uploads\/2025\/09\/galerija-decking-lazura-1.webp\" data-elementor-open-lightbox=\"yes\" data-elementor-lightbox-slideshow=\"2cc6d5d\" data-elementor-lightbox-title=\"Decking lazura\" data-e-action-hash=\"#elementor-action%3Aaction%3Dlightbox%26settings%3DeyJpZCI6OTA1LCJ1cmwiOiJodHRwczpcL1wvZWtvbGFrLnJzXC93cC1jb250ZW50XC91cGxvYWRzXC8yMDI1XC8wOVwvZ2FsZXJpamEtZGVja2luZy1sYXp1cmEtMS53ZWJwIiwic2xpZGVzaG93IjoiMmNjNmQ1ZCJ9\">\n\t\t\t\t\t<div class=\"e-gallery-image elementor-gallery-item__image\" data-thumbnail=\"https:\/\/ekolak.rs\/wp-content\/uploads\/2025\/09\/galerija-decking-lazura-1-768x518.webp\" data-width=\"768\" data-height=\"518\" aria-label=\"\" role=\"img\" ><\/div>\n\t\t\t\t\t\t\t\t\t\t\t<div class=\"elementor-gallery-item__overlay\"><\/div>\n\t\t\t\t\t\t\t\t\t\t\t\t\t\t\t<div class=\"elementor-gallery-item__content\">\n\t\t\t\t\t\t\t\t\t\t\t\t\t\t<div class=\"elementor-gallery-item__title\">\n\t\t\t\t\t\t\t\t\t\t\t\t\t\t\t\t\t\tDecking Stain\t\t\t\t\t\t\t\t<\/div>\n\t\t\t\t\t\t\t\t\t\t\t\t<\/div>\n\t\t\t\t\t\t\t\t\t<\/a>\n\t\t\t\t\t\t\t<a class=\"e-gallery-item elementor-gallery-item elementor-animated-content\" data-e-gallery-tags=\"4\" href=\"https:\/\/ekolak.rs\/wp-content\/uploads\/2025\/09\/galerija-decking-oil-1.webp\" data-elementor-open-lightbox=\"yes\" data-elementor-lightbox-slideshow=\"2cc6d5d\" data-elementor-lightbox-title=\"Decking Oil\" data-e-action-hash=\"#elementor-action%3Aaction%3Dlightbox%26settings%3DeyJpZCI6NjMzLCJ1cmwiOiJodHRwczpcL1wvZWtvbGFrLnJzXC93cC1jb250ZW50XC91cGxvYWRzXC8yMDI1XC8wOVwvZ2FsZXJpamEtZGVja2luZy1vaWwtMS53ZWJwIiwic2xpZGVzaG93IjoiMmNjNmQ1ZCJ9\">\n\t\t\t\t\t<div class=\"e-gallery-image elementor-gallery-item__image\" data-thumbnail=\"https:\/\/ekolak.rs\/wp-content\/uploads\/2025\/09\/galerija-decking-oil-1-768x1138.webp\" data-width=\"768\" data-height=\"1138\" aria-label=\"\" role=\"img\" ><\/div>\n\t\t\t\t\t\t\t\t\t\t\t<div class=\"elementor-gallery-item__overlay\"><\/div>\n\t\t\t\t\t\t\t\t\t\t\t\t\t\t\t<div class=\"elementor-gallery-item__content\">\n\t\t\t\t\t\t\t\t\t\t\t\t\t\t<div class=\"elementor-gallery-item__title\">\n\t\t\t\t\t\t\t\t\t\t\t\t\t\t\t\t\t\tDecking Oil\t\t\t\t\t\t\t\t<\/div>\n\t\t\t\t\t\t\t\t\t\t\t\t<\/div>\n\t\t\t\t\t\t\t\t\t<\/a>\n\t\t\t\t\t\t\t<a class=\"e-gallery-item elementor-gallery-item elementor-animated-content\" data-e-gallery-tags=\"5\" href=\"https:\/\/ekolak.rs\/wp-content\/uploads\/2025\/09\/galerija-hibridna-lazura-1.webp\" data-elementor-open-lightbox=\"yes\" data-elementor-lightbox-slideshow=\"2cc6d5d\" data-elementor-lightbox-title=\"Hibridna lazura\" data-e-action-hash=\"#elementor-action%3Aaction%3Dlightbox%26settings%3DeyJpZCI6ODk3LCJ1cmwiOiJodHRwczpcL1wvZWtvbGFrLnJzXC93cC1jb250ZW50XC91cGxvYWRzXC8yMDI1XC8wOVwvZ2FsZXJpamEtaGlicmlkbmEtbGF6dXJhLTEud2VicCIsInNsaWRlc2hvdyI6IjJjYzZkNWQifQ%3D%3D\">\n\t\t\t\t\t<div class=\"e-gallery-image elementor-gallery-item__image\" data-thumbnail=\"https:\/\/ekolak.rs\/wp-content\/uploads\/2025\/09\/galerija-hibridna-lazura-1-768x518.webp\" data-width=\"768\" data-height=\"518\" aria-label=\"\" role=\"img\" ><\/div>\n\t\t\t\t\t\t\t\t\t\t\t<div class=\"elementor-gallery-item__overlay\"><\/div>\n\t\t\t\t\t\t\t\t\t\t\t\t\t\t\t<div class=\"elementor-gallery-item__content\">\n\t\t\t\t\t\t\t\t\t\t\t\t\t\t<div class=\"elementor-gallery-item__title\">\n\t\t\t\t\t\t\t\t\t\t\t\t\t\t\t\t\t\tHybrid Stain\t\t\t\t\t\t\t\t<\/div>\n\t\t\t\t\t\t\t\t\t\t\t\t<\/div>\n\t\t\t\t\t\t\t\t\t<\/a>\n\t\t\t\t\t\t\t<a class=\"e-gallery-item elementor-gallery-item elementor-animated-content\" data-e-gallery-tags=\"6\" href=\"https:\/\/ekolak.rs\/wp-content\/uploads\/2025\/09\/galerija-hybrid-solid-1.webp\" data-elementor-open-lightbox=\"yes\" data-elementor-lightbox-slideshow=\"2cc6d5d\" data-elementor-lightbox-title=\"Hybrid Solid\" data-e-action-hash=\"#elementor-action%3Aaction%3Dlightbox%26settings%3DeyJpZCI6OTA3LCJ1cmwiOiJodHRwczpcL1wvZWtvbGFrLnJzXC93cC1jb250ZW50XC91cGxvYWRzXC8yMDI1XC8wOVwvZ2FsZXJpamEtaHlicmlkLXNvbGlkLTEud2VicCIsInNsaWRlc2hvdyI6IjJjYzZkNWQifQ%3D%3D\">\n\t\t\t\t\t<div class=\"e-gallery-image elementor-gallery-item__image\" data-thumbnail=\"https:\/\/ekolak.rs\/wp-content\/uploads\/2025\/09\/galerija-hybrid-solid-1-768x518.webp\" data-width=\"768\" data-height=\"518\" aria-label=\"\" role=\"img\" ><\/div>\n\t\t\t\t\t\t\t\t\t\t\t<div class=\"elementor-gallery-item__overlay\"><\/div>\n\t\t\t\t\t\t\t\t\t\t\t\t\t\t\t<div class=\"elementor-gallery-item__content\">\n\t\t\t\t\t\t\t\t\t\t\t\t\t\t<div class=\"elementor-gallery-item__title\">\n\t\t\t\t\t\t\t\t\t\t\t\t\t\t\t\t\t\tHybrid Solid\t\t\t\t\t\t\t\t<\/div>\n\t\t\t\t\t\t\t\t\t\t\t\t<\/div>\n\t\t\t\t\t\t\t\t\t<\/a>\n\t\t\t\t\t<\/div>\n\t\t\t\t\t<\/div>\n\t\t\t\t\t<\/div>\n\t\t\t\t<\/div>\n\t\t\t\t<\/div>","protected":false},"excerpt":{"rendered":"<p>Sve Akrilna lazura sa voskom Bajc Impregnant Decking lazura Decking Oil Hibridna lazura Hybrid Solid Akrilna lazura sa voskom Bajc<\/p>","protected":false},"author":1,"featured_media":0,"parent":0,"menu_order":0,"comment_status":"closed","ping_status":"closed","template":"","meta":{"_acf_changed":false,"footnotes":""},"class_list":["post-916","page","type-page","status-publish","hentry"],"acf":[],"yoast_head":"<!-- This site is optimized with the Yoast SEO Premium plugin v27.4 (Yoast SEO v27.4) - https:\/\/yoast.com\/product\/yoast-seo-premium-wordpress\/ -->\n<title>Galerija | EkoLak<\/title>\n<meta name=\"robots\" content=\"index, follow, max-snippet:-1, max-image-preview:large, max-video-preview:-1\" \/>\n<link rel=\"canonical\" href=\"https:\/\/ekolak.rs\/en\/galerija\/\" \/>\n<meta property=\"og:locale\" content=\"en_US\" \/>\n<meta property=\"og:type\" content=\"article\" \/>\n<meta property=\"og:title\" content=\"Galerija\" \/>\n<meta property=\"og:description\" content=\"Sve Akrilna lazura sa voskom Bajc Impregnant Decking lazura Decking Oil Hibridna lazura Hybrid Solid Akrilna lazura sa voskom Bajc\" \/>\n<meta property=\"og:url\" content=\"https:\/\/ekolak.rs\/en\/galerija\/\" \/>\n<meta property=\"og:site_name\" content=\"EkoLak\" \/>\n<meta property=\"article:publisher\" content=\"https:\/\/www.facebook.com\/ekolakdoo\" \/>\n<meta property=\"article:modified_time\" content=\"2025-09-04T08:26:32+00:00\" \/>\n<meta name=\"twitter:card\" content=\"summary_large_image\" \/>\n<meta name=\"twitter:label1\" content=\"Est. reading time\" \/>\n\t<meta name=\"twitter:data1\" content=\"1 minute\" \/>\n<script type=\"application\/ld+json\" class=\"yoast-schema-graph\">{\"@context\":\"https:\\\/\\\/schema.org\",\"@graph\":[{\"@type\":\"WebPage\",\"@id\":\"https:\\\/\\\/ekolak.rs\\\/galerija\\\/\",\"url\":\"https:\\\/\\\/ekolak.rs\\\/galerija\\\/\",\"name\":\"Galerija | EkoLak\",\"isPartOf\":{\"@id\":\"https:\\\/\\\/ekolak.rs\\\/#website\"},\"datePublished\":\"2025-09-04T08:24:57+00:00\",\"dateModified\":\"2025-09-04T08:26:32+00:00\",\"breadcrumb\":{\"@id\":\"https:\\\/\\\/ekolak.rs\\\/galerija\\\/#breadcrumb\"},\"inLanguage\":\"en-US\",\"potentialAction\":[{\"@type\":\"ReadAction\",\"target\":[\"https:\\\/\\\/ekolak.rs\\\/galerija\\\/\"]}]},{\"@type\":\"BreadcrumbList\",\"@id\":\"https:\\\/\\\/ekolak.rs\\\/galerija\\\/#breadcrumb\",\"itemListElement\":[{\"@type\":\"ListItem\",\"position\":1,\"name\":\"Home\",\"item\":\"https:\\\/\\\/ekolak.rs\\\/\"},{\"@type\":\"ListItem\",\"position\":2,\"name\":\"Galerija\"}]},{\"@type\":\"WebSite\",\"@id\":\"https:\\\/\\\/ekolak.rs\\\/#website\",\"url\":\"https:\\\/\\\/ekolak.rs\\\/\",\"name\":\"EkoLak\",\"description\":\"Boje i lakovi\",\"publisher\":{\"@id\":\"https:\\\/\\\/ekolak.rs\\\/#organization\"},\"potentialAction\":[{\"@type\":\"SearchAction\",\"target\":{\"@type\":\"EntryPoint\",\"urlTemplate\":\"https:\\\/\\\/ekolak.rs\\\/?s={search_term_string}\"},\"query-input\":{\"@type\":\"PropertyValueSpecification\",\"valueRequired\":true,\"valueName\":\"search_term_string\"}}],\"inLanguage\":\"en-US\"},{\"@type\":\"Organization\",\"@id\":\"https:\\\/\\\/ekolak.rs\\\/#organization\",\"name\":\"EkoLak\",\"url\":\"https:\\\/\\\/ekolak.rs\\\/\",\"logo\":{\"@type\":\"ImageObject\",\"inLanguage\":\"en-US\",\"@id\":\"https:\\\/\\\/ekolak.rs\\\/#\\\/schema\\\/logo\\\/image\\\/\",\"url\":\"https:\\\/\\\/ekolak.rs\\\/wp-content\\\/uploads\\\/2025\\\/08\\\/logo-ekolak.png\",\"contentUrl\":\"https:\\\/\\\/ekolak.rs\\\/wp-content\\\/uploads\\\/2025\\\/08\\\/logo-ekolak.png\",\"width\":1024,\"height\":258,\"caption\":\"EkoLak\"},\"image\":{\"@id\":\"https:\\\/\\\/ekolak.rs\\\/#\\\/schema\\\/logo\\\/image\\\/\"},\"sameAs\":[\"https:\\\/\\\/www.facebook.com\\\/ekolakdoo\",\"https:\\\/\\\/www.instagram.com\\\/ekolak_rs\\\/\",\"https:\\\/\\\/www.youtube.com\\\/@ekolak\"],\"description\":\"Mi smo vode\u0107i proizvo\u0111a\u010di ekolo\u0161kih boja i lakova u Srbiji. Kvalitet, trajnost i prirodna za\u0161tita za profesionalce i hobiste.\",\"email\":\"info@ekolak.rs\",\"telephone\":\"0038134355339\",\"legalName\":\"EkoLak D.O.O.\",\"foundingDate\":\"2010-02-10\",\"vatID\":\"RS106464826\",\"numberOfEmployees\":{\"@type\":\"QuantitativeValue\",\"minValue\":\"11\",\"maxValue\":\"50\"}}]}<\/script>\n<!-- \/ Yoast SEO Premium plugin. -->","yoast_head_json":{"title":"Galerija | EkoLak","robots":{"index":"index","follow":"follow","max-snippet":"max-snippet:-1","max-image-preview":"max-image-preview:large","max-video-preview":"max-video-preview:-1"},"canonical":"https:\/\/ekolak.rs\/en\/galerija\/","og_locale":"en_US","og_type":"article","og_title":"Galerija","og_description":"Sve Akrilna lazura sa voskom Bajc Impregnant Decking lazura Decking Oil Hibridna lazura Hybrid Solid Akrilna lazura sa voskom Bajc","og_url":"https:\/\/ekolak.rs\/en\/galerija\/","og_site_name":"EkoLak","article_publisher":"https:\/\/www.facebook.com\/ekolakdoo","article_modified_time":"2025-09-04T08:26:32+00:00","twitter_card":"summary_large_image","twitter_misc":{"Est. reading time":"1 minute"},"schema":{"@context":"https:\/\/schema.org","@graph":[{"@type":"WebPage","@id":"https:\/\/ekolak.rs\/galerija\/","url":"https:\/\/ekolak.rs\/galerija\/","name":"Galerija | EkoLak","isPartOf":{"@id":"https:\/\/ekolak.rs\/#website"},"datePublished":"2025-09-04T08:24:57+00:00","dateModified":"2025-09-04T08:26:32+00:00","breadcrumb":{"@id":"https:\/\/ekolak.rs\/galerija\/#breadcrumb"},"inLanguage":"en-US","potentialAction":[{"@type":"ReadAction","target":["https:\/\/ekolak.rs\/galerija\/"]}]},{"@type":"BreadcrumbList","@id":"https:\/\/ekolak.rs\/galerija\/#breadcrumb","itemListElement":[{"@type":"ListItem","position":1,"name":"Home","item":"https:\/\/ekolak.rs\/"},{"@type":"ListItem","position":2,"name":"Galerija"}]},{"@type":"WebSite","@id":"https:\/\/ekolak.rs\/#website","url":"https:\/\/ekolak.rs\/","name":"EkoLak","description":"Boje i lakovi","publisher":{"@id":"https:\/\/ekolak.rs\/#organization"},"potentialAction":[{"@type":"SearchAction","target":{"@type":"EntryPoint","urlTemplate":"https:\/\/ekolak.rs\/?s={search_term_string}"},"query-input":{"@type":"PropertyValueSpecification","valueRequired":true,"valueName":"search_term_string"}}],"inLanguage":"en-US"},{"@type":"Organization","@id":"https:\/\/ekolak.rs\/#organization","name":"EkoLak","url":"https:\/\/ekolak.rs\/","logo":{"@type":"ImageObject","inLanguage":"en-US","@id":"https:\/\/ekolak.rs\/#\/schema\/logo\/image\/","url":"https:\/\/ekolak.rs\/wp-content\/uploads\/2025\/08\/logo-ekolak.png","contentUrl":"https:\/\/ekolak.rs\/wp-content\/uploads\/2025\/08\/logo-ekolak.png","width":1024,"height":258,"caption":"EkoLak"},"image":{"@id":"https:\/\/ekolak.rs\/#\/schema\/logo\/image\/"},"sameAs":["https:\/\/www.facebook.com\/ekolakdoo","https:\/\/www.instagram.com\/ekolak_rs\/","https:\/\/www.youtube.com\/@ekolak"],"description":"Mi smo vode\u0107i proizvo\u0111a\u010di ekolo\u0161kih boja i lakova u Srbiji. Kvalitet, trajnost i prirodna za\u0161tita za profesionalce i hobiste.","email":"info@ekolak.rs","telephone":"0038134355339","legalName":"EkoLak D.O.O.","foundingDate":"2010-02-10","vatID":"RS106464826","numberOfEmployees":{"@type":"QuantitativeValue","minValue":"11","maxValue":"50"}}]}},"_links":{"self":[{"href":"https:\/\/ekolak.rs\/en\/wp-json\/wp\/v2\/pages\/916","targetHints":{"allow":["GET"]}}],"collection":[{"href":"https:\/\/ekolak.rs\/en\/wp-json\/wp\/v2\/pages"}],"about":[{"href":"https:\/\/ekolak.rs\/en\/wp-json\/wp\/v2\/types\/page"}],"author":[{"embeddable":true,"href":"https:\/\/ekolak.rs\/en\/wp-json\/wp\/v2\/users\/1"}],"replies":[{"embeddable":true,"href":"https:\/\/ekolak.rs\/en\/wp-json\/wp\/v2\/comments?post=916"}],"version-history":[{"count":4,"href":"https:\/\/ekolak.rs\/en\/wp-json\/wp\/v2\/pages\/916\/revisions"}],"predecessor-version":[{"id":920,"href":"https:\/\/ekolak.rs\/en\/wp-json\/wp\/v2\/pages\/916\/revisions\/920"}],"wp:attachment":[{"href":"https:\/\/ekolak.rs\/en\/wp-json\/wp\/v2\/media?parent=916"}],"curies":[{"name":"wp","href":"https:\/\/api.w.org\/{rel}","templated":true}]}}